{"id":8898,"date":"2019-04-30T17:01:20","date_gmt":"2019-04-30T15:01:20","guid":{"rendered":"https:\/\/www.sonnengarten-ruhstorf.de\/?page_id=8898"},"modified":"2019-10-08T12:57:47","modified_gmt":"2019-10-08T10:57:47","slug":"impressum","status":"publish","type":"page","link":"https:\/\/www.sonnengarten-ruhstorf.de\/index.php\/impressum\/","title":{"rendered":"Impressum"},"content":{"rendered":"<div class=\"ueberschrift\">\n<h2 class=\"ueberschrift\"><strong>Impressum<\/strong><\/h2>\n<\/div>\n<div class=\"ueberschrift\"><\/div>\n<p class=\"ueberschrift\">Verantwortlich f\u00fcr den Inhalt gem. \u00a76TDDSG<\/p>\n<p class=\"grundtext_normal\"><strong>Haus Sonnengarten<br \/>\n<\/strong>Wohnen und Pflege<br \/>\nHerr Manfred M\u00fcller<br \/>\nNikolausstra\u00dfe 2-6<br \/>\n94099\u00a0 Ruhstorf a.d. Rott<br \/>\nTel.: 08531 \/ 9330 &#8211; 0<br \/>\nFax.: 08531 \/ 9330 &#8211; 90<br \/>\nE-Mail: <a href=\"mailto:info@sonnengarten-ruhstorf.de\">info@sonnengarten-ruhstorf.de<\/a><\/p>\n<p>&nbsp;<\/p>\n<p class=\"p-left main-text\"><span id=\"u1452-32\"><strong>Medizinproduktebeauftragter:<\/strong><br \/>\n<\/span><span id=\"u1452-35\">Ismael Tataev<br \/>\n<\/span>E-Mail: <a href=\"mailto:info@sonnengarten-ruhstorf.de\">info@sonnengarten-ruhstorf.de<\/a><\/p>\n<p class=\"p-left main-text\">Pflegegrade Quelle: www.mdk.de<\/p>\n<h1><\/h1>\n<h1 id=\"u1452-42\" class=\"h1-left\">Haftungsausschluss (Disclaimer)<\/h1>\n<p class=\"p-left\"><strong><span id=\"u1452-43\">Haftung f\u00fcr Inhalte<\/span><\/strong><br \/>\nAls Diensteanbieter sind wir gem\u00e4\u00df \u00a7 7 Abs.1 TMG f\u00fcr eigene Inhalte auf diesen Seiten nach den allgemeinen Gesetzen verantwortlich. Nach \u00a7\u00a7 8 bis 10 TMG sind wir als Diensteanbieter jedoch nicht verpflichtet, \u00fcbermittelte oder gespeicherte fremde Informationen zu \u00fcberwachen oder nach Umst\u00e4nden zu forschen, die auf eine rechtswidrige T\u00e4tigkeit hinweisen. Verpflichtungen zur Entfernung oder Sperrung der Nutzung von Informationen nach den allgemeinen Gesetzen bleiben hiervon unber\u00fchrt. Eine diesbez\u00fcgliche Haftung ist jedoch erst ab dem Zeitpunkt der Kenntnis einer konkreten Rechtsverletzung m\u00f6glich. Bei Bekanntwerden von entsprechenden Rechtsverletzungen werden wir diese Inhalte umgehend entfernen.<\/p>\n<p class=\"p-left\"><span id=\"u1452-49\"><strong>Haftung f\u00fcr Links<\/strong><br \/>\n<\/span>Unser Angebot enth\u00e4lt Links zu externen Webseiten Dritter, auf deren Inhalte wir keinen Einfluss haben. Deshalb k\u00f6nnen wir f\u00fcr diese fremden Inhalte auch keine Gew\u00e4hr \u00fcbernehmen. F\u00fcr die Inhalte der verlinkten Seiten ist stets der jeweilige Anbieter oder Betreiber der Seiten verantwortlich. Die verlinkten Seiten wurden zum Zeitpunkt der Verlinkung auf m\u00f6gliche Rechtsverst\u00f6\u00dfe \u00fcberpr\u00fcft. Rechtswidrige Inhalte waren zum Zeitpunkt der Verlinkung nicht erkennbar. Eine permanente inhaltliche Kontrolle der verlinkten Seiten ist jedoch ohne konkrete Anhaltspunkte einer Rechtsverletzung nicht zumutbar. Bei Bekanntwerden von Rechtsverletzungen werden wir derartige Links umgehend entfernen.<\/p>\n<p class=\"p-left\"><span id=\"u1452-54\"><strong>Urheberrecht<\/strong><br \/>\n<\/span>Die durch die Seitenbetreiber erstellten Inhalte und Werke auf diesen Seiten unterliegen dem deutschen Urheberrecht. Die Vervielf\u00e4ltigung, Bearbeitung, Verbreitung und jede Art der Verwertung au\u00dferhalb der Grenzen des Urheberrechtes bed\u00fcrfen der schriftlichen Zustimmung des jeweiligen Autors bzw. Erstellers. Downloads und Kopien dieser Seite sind nur f\u00fcr den privaten, nicht kommerziellen Gebrauch gestattet. Soweit die Inhalte auf dieser Seite nicht vom Betreiber erstellt wurden, werden die Urheberrechte Dritter beachtet. Insbesondere werden Inhalte Dritter als solche gekennzeichnet. Sollten Sie trotzdem auf eine Urheberrechtsverletzung aufmerksam werden, bitten wir um einen entsprechenden Hinweis. Bei Bekanntwerden von Rechtsverletzungen werden wir derartige Inhalte umgehend entfernen.<\/p>\n<p>&nbsp;<\/p>\n<p>&nbsp;<\/p>\n<p><strong>Bildnachweise:<br \/>\n<\/strong>shutterstock, fotolila.de, Sylvia Hofmann, Joschija Bauer,\u00a0Syda Productions,\u00a0Monkey Business,\u00a0Karin &amp; Uwe Annas,\u00a0Seventyfour,\u00a0kolinko_tanya,\u00a0Robert Kneschke,<\/p>\n<p>&nbsp;<\/p>\n<p><strong>Gestaltung &amp; Konzept<br \/>\n<\/strong>DESIGN.ATELIER.HOFMANN<br \/>\nDipl. Grafik-Designerin Sylvia Hofmann<br \/>\nHochstra\u00dfe 27<br \/>\nD-94032 Passau<\/p>\n<p>T.: 0851.95179791<br \/>\nF.: 0851.95179793<br \/>\nE-Mail: <a href=\"mailto:info@atelierhofmann.de\">info@atelierhofmann.de<\/a><br \/>\n<a href=\"http:\/\/www.atelierhofmann.de\"><strong>www.atelierhofmann.de<\/strong><\/a><\/p>\n","protected":false},"excerpt":{"rendered":"<p>Impressum Verantwortlich f\u00fcr den Inhalt gem. \u00a76TDDSG Haus Sonnengarten Wohnen und Pflege Herr Manfred M\u00fcller Nikolausstra\u00dfe 2-6 94099\u00a0 Ruhstorf a.d. Rott Tel.: 08531 \/ 9330 &#8211; 0 Fax.: 08531 \/ 9330 &#8211; 90 E-Mail: info@sonnengarten-ruhstorf.de &nbsp; Medizinproduktebeauftragter: Ismael Tataev E-Mail: info@sonnengarten-ruhstorf.de Pflegegrade Quelle: www.mdk.de Haftungsausschluss (Disclaimer) Haftung f\u00fcr Inhalte Als Diensteanbieter sind wir gem\u00e4\u00df \u00a7 [&hellip;]<\/p>\n","protected":false},"author":1,"featured_media":0,"parent":0,"menu_order":0,"comment_status":"closed","ping_status":"closed","template":"","meta":{"footnotes":""},"class_list":["post-8898","page","type-page","status-publish","hentry"],"_links":{"self":[{"href":"https:\/\/www.sonnengarten-ruhstorf.de\/index.php\/wp-json\/wp\/v2\/pages\/8898","targetHints":{"allow":["GET"]}}],"collection":[{"href":"https:\/\/www.sonnengarten-ruhstorf.de\/index.php\/wp-json\/wp\/v2\/pages"}],"about":[{"href":"https:\/\/www.sonnengarten-ruhstorf.de\/index.php\/wp-json\/wp\/v2\/types\/page"}],"author":[{"embeddable":true,"href":"https:\/\/www.sonnengarten-ruhstorf.de\/index.php\/wp-json\/wp\/v2\/users\/1"}],"replies":[{"embeddable":true,"href":"https:\/\/www.sonnengarten-ruhstorf.de\/index.php\/wp-json\/wp\/v2\/comments?post=8898"}],"version-history":[{"count":9,"href":"https:\/\/www.sonnengarten-ruhstorf.de\/index.php\/wp-json\/wp\/v2\/pages\/8898\/revisions"}],"predecessor-version":[{"id":9962,"href":"https:\/\/www.sonnengarten-ruhstorf.de\/index.php\/wp-json\/wp\/v2\/pages\/8898\/revisions\/9962"}],"wp:attachment":[{"href":"https:\/\/www.sonnengarten-ruhstorf.de\/index.php\/wp-json\/wp\/v2\/media?parent=8898"}],"curies":[{"name":"wp","href":"https:\/\/api.w.org\/{rel}","templated":true}]}}