{"id":8125,"date":"2017-07-20T11:40:16","date_gmt":"2017-07-20T11:40:16","guid":{"rendered":"https:\/\/www.sonnengarten-ruhstorf.de\/?page_id=8125"},"modified":"2023-12-20T13:47:44","modified_gmt":"2023-12-20T12:47:44","slug":"das-haus","status":"publish","type":"page","link":"https:\/\/www.sonnengarten-ruhstorf.de\/index.php\/das-haus\/","title":{"rendered":"Das Haus"},"content":{"rendered":"<div class=\"wpb-content-wrapper\"><p>[vc_row][vc_column]<div class='dt-sc-title script-with-sub-title aligncenter'><h6>Wohnformen und Zimmer<\/h6><h2><strong>Haus Sonnengarten \u2013 <\/strong>wohnen wie ich es will!<\/h2><\/div><div class=\"ult-spacer spacer-69fb3247c24c4\" data-id=\"69fb3247c24c4\" data-height=\"40\" data-height-mobile=\"20\" data-height-tab=\"30\" data-height-tab-portrait=\"30\" data-height-mobile-landscape=\"20\" style=\"clear:both;display:block;\"><\/div>[vc_column_text]<\/p>\n<h3 style=\"text-align: center;\">Wir bieten im Haus Sonnengarten unterschiedliche Appartements an, entsprechend den Bed\u00fcrfnissen unserer Bewohner:<\/h3>\n<p>[\/vc_column_text][vc_column_text]<\/p>\n<p style=\"text-align: center;\">Appartements zum gemeinsamen Bewohnen f\u00fcr Ehepaare wie auch f\u00fcr Alleinstehende sowohl im Betreuten Wohnen als auch, gegen Zuzahlung, in der vollstation\u00e4ren Pflege. Ihre pers\u00f6nlichen M\u00f6bel bringen Sie einfach mit.<br \/>\nSie haben bei uns die einzigartige M\u00f6glichkeit ohne Umzug vom Betreuten Wohnen in die vollstation\u00e4re Pflege zu wechseln. Sie bleiben in Ihrem gewohnten Umfeld.<\/p>\n<p>[\/vc_column_text][\/vc_column][\/vc_row][vc_row][vc_column width=&#8220;1\/2&#8243;][vc_single_image image=&#8220;9117&#8243; img_size=&#8220;large&#8220; alignment=&#8220;right&#8220;][\/vc_column][vc_column width=&#8220;1\/2&#8243;][vc_single_image image=&#8220;9118&#8243; img_size=&#8220;large&#8220;][\/vc_column][\/vc_row][vc_row][vc_column]<div class='dt-sc-title script-with-sub-title aligncenter'><h4><\/h4><h3><strong>Wir bieten ein integratives Wohn- und Pflegekonzept f\u00fcr cirka 70 Senioren. <\/strong>Wir lieben die Gemeinschaft und das Miteinander.<\/h3><\/div><div class=\"ult-spacer spacer-69fb3247c24e0\" data-id=\"69fb3247c24e0\" data-height=\"40\" data-height-mobile=\"20\" data-height-tab=\"30\" data-height-tab-portrait=\"30\" data-height-mobile-landscape=\"20\" style=\"clear:both;display:block;\"><\/div>[\/vc_column][\/vc_row][vc_row full_width=&#8220;stretch_row&#8220; css=&#8220;.vc_custom_1559577402641{padding-top: 40px !important;background-color: #ffebcd !important;}&#8220;][vc_column]<div class=\"ult-spacer spacer-69fb3247c24ec\" data-id=\"69fb3247c24ec\" data-height=\"100\" data-height-mobile=\"30\" data-height-tab=\"50\" data-height-tab-portrait=\"50\" data-height-mobile-landscape=\"30\" style=\"clear:both;display:block;\"><\/div>[vc_row_inner][vc_column_inner width=&#8220;1\/2&#8243;]<div class='dt-sc-title script-with-sub-title '><h5><\/h5><h2><strong>Einrichtungen <\/strong><\/h2><\/div>[vc_column_text]<\/p>\n<h4 style=\"text-align: left;\">Unabh\u00e4ngig von den jeweiligen Pflegeleistungen stehen den Bewohnern des Sonnengartens verschiedene r\u00e4umliche Angebote zur Verf\u00fcgung:<\/h4>\n<h4>\u2013 ein Gemeinschaftsraum f\u00fcr Fest und Feiern<\/h4>\n<h4>\u2013 ein gem\u00fctliches Caf\u00e9 mit Biergarten<\/h4>\n<h4>\u2013 verschiedene lichtdurchflutete Aufenthaltsbereiche<\/h4>\n<h4>\u2013 eine umfangreiche Bibliothek<\/h4>\n<h4>\u2013 ein Einkaufsladen<\/h4>\n<h4>\u2013 ein Friseursalon<\/h4>\n<h4>\u2013 ein sch\u00f6ner gro\u00dfer Garten<\/h4>\n<h4>\u2013 eine Physiotherapie-Praxis<\/h4>\n<h4><\/h4>\n<p>[\/vc_column_text][\/vc_column_inner][vc_column_inner width=&#8220;1\/2&#8243;][vc_gallery interval=&#8220;3&#8243; images=&#8220;9154,9151,9025,9785,9784&#8243; img_size=&#8220;900&#215;634&#8243;][\/vc_column_inner][\/vc_row_inner]<div class=\"ult-spacer spacer-69fb3247c2508\" data-id=\"69fb3247c2508\" data-height=\"100\" data-height-mobile=\"30\" data-height-tab=\"50\" data-height-tab-portrait=\"50\" data-height-mobile-landscape=\"30\" style=\"clear:both;display:block;\"><\/div>[\/vc_column][\/vc_row][vc_row][vc_column]<div class=\"ult-spacer spacer-69fb3247c2513\" data-id=\"69fb3247c2513\" data-height=\"100\" data-height-mobile=\"35\" data-height-tab=\"50\" data-height-tab-portrait=\"50\" data-height-mobile-landscape=\"35\" style=\"clear:both;display:block;\"><\/div>[\/vc_column][\/vc_row][vc_row][vc_column width=&#8220;1\/6&#8243;][\/vc_column][vc_column width=&#8220;2\/3&#8243;]<div class='dt-sc-title script-with-sub-title aligncenter'><h4><\/h4><h3><strong>Das Haus Sonnengarten <\/strong>im \u00dcberblick<\/h3><\/div>[vc_column_text el_class=&#8220;aligncenter&#8220;]Entdecken Sie die Leistungen und M\u00f6glichkeiten vom Haus Sonnengarten auf einen Blick. Und das schnell, einfach und zuverl\u00e4ssig.[\/vc_column_text]<div class=\"ult-spacer spacer-69fb3247c2523\" data-id=\"69fb3247c2523\" data-height=\"40\" data-height-mobile=\"20\" data-height-tab=\"30\" data-height-tab-portrait=\"30\" data-height-mobile-landscape=\"20\" style=\"clear:both;display:block;\"><\/div><div class=\"aio-icon-component    style_1\"><div id=\"Info-box-wrap-5237\" class=\"aio-icon-box left-icon\" style=\"\"  ><div class=\"aio-icon-left\"><div class=\"ult-just-icon-wrapper  \"><div class=\"align-icon\" style=\"text-align:center;\">\n<div class=\"aio-icon none \"  style=\"color:#c41517;font-size:52px;display:inline-block;\">\n\t<i class=\"Defaults-road\"><\/i>\n<\/div><\/div><\/div><\/div><div class=\"aio-ibd-block\"><div class=\"aio-icon-header\" ><h3 class=\"aio-icon-title ult-responsive\"  data-ultimate-target='#Info-box-wrap-5237 .aio-icon-title'  data-responsive-json-new='{\"font-size\":\"\",\"line-height\":\"\"}'  style=\"\">Verkehrsg\u00fcnstig erreichbar<\/h3><\/div> <!-- header --><div class=\"aio-icon-description ult-responsive\"  data-ultimate-target='#Info-box-wrap-5237 .aio-icon-description'  data-responsive-json-new='{\"font-size\":\"\",\"line-height\":\"\"}'  style=\"\">Sie erreichen uns am Besten \u00fcber die A3 Ausfahrt Pocking, die B12 oder ganz einfach mit dem Zug \u00fcber Passau. Der Bahnhof ist 5 Minuten mit dem Auto entfernt.<\/div> <!-- description --><\/div> <!-- aio-ibd-block --><\/div> <!-- aio-icon-box --><\/div> <!-- aio-icon-component --><div class=\"aio-icon-component    style_1\"><div id=\"Info-box-wrap-9130\" class=\"aio-icon-box left-icon\" style=\"\"  ><div class=\"aio-icon-left\"><div class=\"ult-just-icon-wrapper  \"><div class=\"align-icon\" style=\"text-align:center;\">\n<div class=\"aio-icon none \"  style=\"color:#c41517;font-size:52px;display:inline-block;\">\n\t<i class=\"Defaults-leaf\"><\/i>\n<\/div><\/div><\/div><\/div><div class=\"aio-ibd-block\"><div class=\"aio-icon-header\" ><h3 class=\"aio-icon-title ult-responsive\"  data-ultimate-target='#Info-box-wrap-9130 .aio-icon-title'  data-responsive-json-new='{\"font-size\":\"\",\"line-height\":\"\"}'  style=\"\">Ein gr\u00fcnes Paradies<\/h3><\/div> <!-- header --><div class=\"aio-icon-description ult-responsive\"  data-ultimate-target='#Info-box-wrap-9130 .aio-icon-description'  data-responsive-json-new='{\"font-size\":\"\",\"line-height\":\"\"}'  style=\"\">Wir hei\u00dfen nicht ohne Grund Haus Sonnengarten, schlie\u00dflich verf\u00fcgen wir \u00fcber eine herrliche Gr\u00fcnanlage, die alle Gartenfreunde zum Schw\u00e4rmen bringt und gerne zur aktiven Mitwirkung einl\u00e4dt.<\/div> <!-- description --><\/div> <!-- aio-ibd-block --><\/div> <!-- aio-icon-box --><\/div> <!-- aio-icon-component --><div class=\"aio-icon-component    style_1\"><div id=\"Info-box-wrap-5694\" class=\"aio-icon-box left-icon\" style=\"\"  ><div class=\"aio-icon-left\"><div class=\"ult-just-icon-wrapper  \"><div class=\"align-icon\" style=\"text-align:center;\">\n<div class=\"aio-icon none \"  style=\"color:#c41417;font-size:52px;display:inline-block;\">\n\t<i class=\"Defaults-check-square-o\"><\/i>\n<\/div><\/div><\/div><\/div><div class=\"aio-ibd-block\"><div class=\"aio-icon-header\" ><h3 class=\"aio-icon-title ult-responsive\"  data-ultimate-target='#Info-box-wrap-5694 .aio-icon-title'  data-responsive-json-new='{\"font-size\":\"\",\"line-height\":\"\"}'  style=\"\">Garantie an der richtigen Adresse<\/h3><\/div> <!-- header --><div class=\"aio-icon-description ult-responsive\"  data-ultimate-target='#Info-box-wrap-5694 .aio-icon-description'  data-responsive-json-new='{\"font-size\":\"\",\"line-height\":\"\"}'  style=\"\">Das Haus Sonnengarten besticht durch seine ebenso sonnigen wie gro\u00dfz\u00fcgigen R\u00e4ume, die individuell gestalteten Stockwerke mit eigenen Farbthemen und einem gem\u00fctlichen Gemeinschafts- und Speiseraum sowie eine freundliche Caf\u00e9 f\u00fcr Mu\u00dfestunden.<\/div> <!-- description --><\/div> <!-- aio-ibd-block --><\/div> <!-- aio-icon-box --><\/div> <!-- aio-icon-component --><div class=\"aio-icon-component    style_1\"><div id=\"Info-box-wrap-7578\" class=\"aio-icon-box left-icon\" style=\"\"  ><div class=\"aio-icon-left\"><div class=\"ult-just-icon-wrapper  \"><div class=\"align-icon\" style=\"text-align:center;\">\n<div class=\"aio-icon none \"  style=\"color:#c41517;font-size:52px;display:inline-block;\">\n\t<i class=\"Defaults-print\"><\/i>\n<\/div><\/div><\/div><\/div><div class=\"aio-ibd-block\"><div class=\"aio-icon-header\" ><h3 class=\"aio-icon-title ult-responsive\"  data-ultimate-target='#Info-box-wrap-7578 .aio-icon-title'  data-responsive-json-new='{\"font-size\":\"\",\"line-height\":\"\"}'  style=\"\">Hier stimmt der Kontakt<\/h3><\/div> <!-- header --><div class=\"aio-icon-description ult-responsive\"  data-ultimate-target='#Info-box-wrap-7578 .aio-icon-description'  data-responsive-json-new='{\"font-size\":\"\",\"line-height\":\"\"}'  style=\"\">Wir unterst\u00fctzen unsere Bewohner gerne bei allen Kommuniktionsw\u00fcnschen von Beh\u00f6rden bis hin zum privaten Briefverkehr. Dazu bieten wir einen Kopier- und Faxservice und Hilfe bei E-Mails.<\/div> <!-- description --><\/div> <!-- aio-ibd-block --><\/div> <!-- aio-icon-box --><\/div> <!-- aio-icon-component -->[\/vc_column][vc_column width=&#8220;1\/6&#8243;][\/vc_column][\/vc_row][vc_row][vc_column]<div class=\"ult-spacer spacer-69fb3247c26f6\" data-id=\"69fb3247c26f6\" data-height=\"100\" data-height-mobile=\"35\" data-height-tab=\"50\" data-height-tab-portrait=\"50\" data-height-mobile-landscape=\"35\" style=\"clear:both;display:block;\"><\/div>[\/vc_column][\/vc_row][vc_row full_width=&#8220;stretch_row_content_no_spaces&#8220;][vc_column width=&#8220;1\/3&#8243; el_class=&#8220;rs_col-sm-12&#8243; css=&#8220;.vc_custom_1502182843662{padding-bottom: 0px !important;}&#8220;][vc_single_image image=&#8220;9150&#8243; img_size=&#8220;full&#8220; css=&#8220;.vc_custom_1559577738985{margin-bottom: 0px !important;padding-bottom: 0px !important;}&#8220;][\/vc_column][vc_column el_align=&#8220;center&#8220; width=&#8220;1\/3&#8243; el_class=&#8220;rs_col-sm-12&#8243;][vc_single_image image=&#8220;9149&#8243; img_size=&#8220;full&#8220;]<div class=\"ult-content-box-container \" >\t\t<div class=\"ult-content-box\" style=\"background-color:#ffffff;box-shadow: px px px px #f7f7f7 none;border-style:solid;border-color:#dd9933;padding-top:50px;padding-right:15px;padding-bottom:25px;padding-left:15px;margin-top:-300px;min-height:200px;-webkit-transition: all 700ms ease;-moz-transition: all 700ms ease;-ms-transition: all 700ms ease;-o-transition: all 700ms ease;transition: all 700ms ease;\"  data-hover_box_shadow=\"none\"    data-normal_margins=\"margin-top:-300px;\"   data-bg=\"#ffffff\"  data-border_color=\"#dd9933\" ><div class=\"ult-spacer spacer-69fb3247c2772\" data-id=\"69fb3247c2772\" data-height=\"25\" data-height-mobile=\"25\" data-height-tab=\"25\" data-height-tab-portrait=\"\" data-height-mobile-landscape=\"\" style=\"clear:both;display:block;\"><\/div><a href='https:\/\/www.sonnengarten-ruhstorf.de\/index.php\/leistungen\/' target='_self' title='Leistungen' class='dt-sc-button   medium   bordered  '  style=\"background-color:#ffffff;border-color:#ffffff;\"> Leistungen im Haus <\/a><div class=\"ult-spacer spacer-69fb3247c279d\" data-id=\"69fb3247c279d\" data-height=\"25\" data-height-mobile=\"25\" data-height-tab=\"25\" data-height-tab-portrait=\"\" data-height-mobile-landscape=\"\" style=\"clear:both;display:block;\"><\/div>\t\t<\/div><\/div>[\/vc_column][vc_column width=&#8220;1\/3&#8243; el_class=&#8220;rs_col-sm-12&#8243;][vc_single_image image=&#8220;9029&#8243; img_size=&#8220;full&#8220;][\/vc_column][\/vc_row][vc_row][vc_column]<div class=\"ult-spacer spacer-69fb3247c27aa\" data-id=\"69fb3247c27aa\" data-height=\"65\" data-height-mobile=\"35\" data-height-tab=\"40\" data-height-tab-portrait=\"40\" data-height-mobile-landscape=\"35\" style=\"clear:both;display:block;\"><\/div>[\/vc_column][\/vc_row][vc_row][vc_column]<div class='dt-sc-title script-with-sub-title aligncenter'><h4><\/h4><h3><strong>Wir lieben helle, freundliche <\/strong>Lebensr\u00e4ume<\/h3><\/div><div class=\"ult-spacer spacer-69fb3247c27bb\" data-id=\"69fb3247c27bb\" data-height=\"40\" data-height-mobile=\"20\" data-height-tab=\"30\" data-height-tab-portrait=\"30\" data-height-mobile-landscape=\"20\" style=\"clear:both;display:block;\"><\/div>[\/vc_column][\/vc_row][vc_row][vc_column]<div class=\"ult-spacer spacer-69fb3247c27c4\" data-id=\"69fb3247c27c4\" data-height=\"120\" data-height-mobile=\"50\" data-height-tab=\"80\" data-height-tab-portrait=\"80\" data-height-mobile-landscape=\"50\" style=\"clear:both;display:block;\"><\/div>[\/vc_column][\/vc_row]<\/p>\n<\/div>","protected":false},"excerpt":{"rendered":"<p>[vc_row][vc_column][vc_column_text] Wir bieten im Haus Sonnengarten unterschiedliche Appartements an, entsprechend den Bed\u00fcrfnissen unserer Bewohner: [\/vc_column_text][vc_column_text] Appartements zum gemeinsamen Bewohnen f\u00fcr Ehepaare wie auch f\u00fcr Alleinstehende sowohl im Betreuten Wohnen als auch, gegen Zuzahlung, in der vollstation\u00e4ren Pflege. Ihre pers\u00f6nlichen M\u00f6bel bringen Sie einfach mit. Sie haben bei uns die einzigartige M\u00f6glichkeit ohne Umzug vom Betreuten [&hellip;]<\/p>\n","protected":false},"author":1,"featured_media":0,"parent":0,"menu_order":0,"comment_status":"closed","ping_status":"closed","template":"","meta":{"footnotes":""},"class_list":["post-8125","page","type-page","status-publish","hentry"],"_links":{"self":[{"href":"https:\/\/www.sonnengarten-ruhstorf.de\/index.php\/wp-json\/wp\/v2\/pages\/8125","targetHints":{"allow":["GET"]}}],"collection":[{"href":"https:\/\/www.sonnengarten-ruhstorf.de\/index.php\/wp-json\/wp\/v2\/pages"}],"about":[{"href":"https:\/\/www.sonnengarten-ruhstorf.de\/index.php\/wp-json\/wp\/v2\/types\/page"}],"author":[{"embeddable":true,"href":"https:\/\/www.sonnengarten-ruhstorf.de\/index.php\/wp-json\/wp\/v2\/users\/1"}],"replies":[{"embeddable":true,"href":"https:\/\/www.sonnengarten-ruhstorf.de\/index.php\/wp-json\/wp\/v2\/comments?post=8125"}],"version-history":[{"count":104,"href":"https:\/\/www.sonnengarten-ruhstorf.de\/index.php\/wp-json\/wp\/v2\/pages\/8125\/revisions"}],"predecessor-version":[{"id":10587,"href":"https:\/\/www.sonnengarten-ruhstorf.de\/index.php\/wp-json\/wp\/v2\/pages\/8125\/revisions\/10587"}],"wp:attachment":[{"href":"https:\/\/www.sonnengarten-ruhstorf.de\/index.php\/wp-json\/wp\/v2\/media?parent=8125"}],"curies":[{"name":"wp","href":"https:\/\/api.w.org\/{rel}","templated":true}]}}