{"id":8061,"date":"2019-04-20T08:58:55","date_gmt":"2019-04-20T06:58:55","guid":{"rendered":"https:\/\/www.sonnengarten-ruhstorf.de\/?page_id=8061"},"modified":"2019-10-08T12:49:22","modified_gmt":"2019-10-08T10:49:22","slug":"ueber-uns","status":"publish","type":"page","link":"https:\/\/www.sonnengarten-ruhstorf.de\/index.php\/ueber-uns\/","title":{"rendered":"\u00dcber uns"},"content":{"rendered":"<div class=\"wpb-content-wrapper\"><p>[vc_row][vc_column width=&#8220;1\/2&#8243;][vc_single_image image=&#8220;9069&#8243; img_size=&#8220;full&#8220;][\/vc_column][vc_column width=&#8220;1\/2&#8243;][vc_single_image image=&#8220;9342&#8243; img_size=&#8220;full&#8220;][\/vc_column][\/vc_row][vc_row][vc_column]<div class='dt-sc-title script-with-sub-title '><h6><\/h6><h4>Liebe Interessenten, Besucher und Freunde,<\/h4><\/div>[vc_column_text][\/vc_column_text]<div class=\"aio-icon-component    style_1\"><div id=\"Info-box-wrap-2038\" class=\"aio-icon-box left-icon\" style=\"\"  ><div class=\"aio-ibd-block\"><div class=\"aio-icon-description ult-responsive\"  data-ultimate-target='#Info-box-wrap-2038 .aio-icon-description'  data-responsive-json-new='{\"font-size\":\"\",\"line-height\":\"\"}'  style=\"\">bereits seit 2001 f\u00fchren meine Frau Hilde M\u00fcller-Zehentbauer und ich, Manfred M\u00fcller, gemeinsam das Haus Sonnengarten im sch\u00f6nen niederbayerischen B\u00e4derdreieck im S\u00fcden Passaus.<\/p>\n<p>Im Sonnengarten haben wir uns einen Herzenswunsch erf\u00fcllt: ein ganzheitliches, neues Wohn- und Pflegekonzept zu realisieren, in der der Mensch, speziell im Alter, im Fokus steht. Wir m\u00f6chten es unseren G\u00e4sten erm\u00f6glichen, bis zuletzt selbstbestimmt und mit Freude ihre Lebensgewohnheiten individuell beizubehalten.<\/p>\n<p>Bei uns k\u00f6nnen die Bewohner allein oder mit ihrem Lebenspartner gemeinsam in einer betreuten Wohnung (gerne auch mit pers\u00f6nlichen M\u00f6beln oder sogar einem kleinen Haustier) ihren Ruhestand genie\u00dfen.<\/p>\n<p>\u00dcberzeugen Sie sich selbst \u2013 am Besten bei einem pers\u00f6nlichen Besuch im Haus Sonnengarten. Wir freuen uns jetzt schon.<\/p>\n<p>&nbsp;<\/p>\n<p>Herzlichst<\/p>\n<p>Ihr Manfred M\u00fcller und Hilde M\u00fcller-Zehentbauer<\/div> <!-- description --><\/div> <!-- aio-ibd-block --><\/div> <!-- aio-icon-box --><\/div> <!-- aio-icon-component -->[\/vc_column][\/vc_row][vc_row][vc_column]<div class=\"ult-spacer spacer-69fc613374fc0\" data-id=\"69fc613374fc0\" data-height=\"30\" data-height-mobile=\"30\" data-height-tab=\"30\" data-height-tab-portrait=\"30\" data-height-mobile-landscape=\"30\" style=\"clear:both;display:block;\"><\/div>[\/vc_column][\/vc_row][vc_row full_width=&#8220;stretch_row&#8220; bg_type=&#8220;image&#8220; parallax_style=&#8220;vcpb-default&#8220; bg_image_new=&#8220;id^9091|url^https:\/\/www.sonnengarten-ruhstorf.de\/wp-content\/uploads\/2019\/05\/Sonnenblume_0558Ausschnitt.jpg|caption^null|alt^null|title^Sonnenblume_0558Ausschnitt|description^null&#8220; bg_img_attach=&#8220;fixed&#8220; enable_overlay=&#8220;enable_overlay_value&#8220; overlay_color=&#8220;rgba(204,58,42,0.91)&#8220; overlay_pattern=&#8220;02.png&#8220; css=&#8220;.vc_custom_1559133282810{padding-top: 70px !important;padding-bottom: 70px !important;}&#8220;][vc_column][\/vc_column][\/vc_row][vc_row][vc_column]<div class=\"ult-spacer spacer-69fc613374fd1\" data-id=\"69fc613374fd1\" data-height=\"100\" data-height-mobile=\"35\" data-height-tab=\"50\" data-height-tab-portrait=\"50\" data-height-mobile-landscape=\"35\" style=\"clear:both;display:block;\"><\/div>[\/vc_column][\/vc_row][vc_row enable_overlay=&#8220;enable_overlay_value&#8220; overlay_color=&#8220;#f7da00&#8243; overlay_pattern=&#8220;transperant&#8220;][vc_column width=&#8220;1\/2&#8243;]<div class='dt-sc-title script-with-sub-title '><h6>Mitarbeiter des Haus Sonnengarten<\/h6><h4>Ein Team f\u00fcr alle W\u00fcnsche und Bed\u00fcrfnisse<\/h4><\/div><div class=\"aio-icon-component    style_1\"><div id=\"Info-box-wrap-3516\" class=\"aio-icon-box left-icon\" style=\"\"  ><div class=\"aio-ibd-block\"><div class=\"aio-icon-description ult-responsive\"  data-ultimate-target='#Info-box-wrap-3516 .aio-icon-description'  data-responsive-json-new='{\"font-size\":\"\",\"line-height\":\"\"}'  style=\"\">Unsere \u00fcber 70 speziell geschulten und ebenso engagierten wie freundlichen Mitarbeiter unterst\u00fctzen Sie dabei und sorgen so daf\u00fcr, dass individuell auf alle W\u00fcnsche und Bed\u00fcrfnisse eingegangen wird.<\/p>\n<p>Denn W\u00fcrde im Alter bedeutet f\u00fcr uns nicht nur gute Betreuung, sondern auch den Erhalt der Individualit\u00e4t und eine fr\u00f6hliche Integration in die Gemeinschaft. Hierzu bieten wir ein breites Spektrum an Aktivit\u00e4ten und M\u00f6glichkeiten an, um K\u00f6rper und Geist in Schwung zu halten.<\/p>\n<p>\u00dcberzeugen Sie sich selbst \u2013 am Besten bei einem pers\u00f6nlichen Besuch im Haus Sonnengarten. Wir freuen uns jetzt schon.<\/div> <!-- description --><\/div> <!-- aio-ibd-block --><\/div> <!-- aio-icon-box --><\/div> <!-- aio-icon-component -->[\/vc_column][vc_column width=&#8220;1\/2&#8243;][vc_single_image image=&#8220;9707&#8243; img_size=&#8220;full&#8220;][\/vc_column][\/vc_row][vc_row full_width=&#8220;stretch_row&#8220; bg_type=&#8220;bg_color&#8220; bg_override=&#8220;full&#8220; bg_color_value=&#8220;#fefaf0&#8243;][vc_column]<div class=\"ult-spacer spacer-69fc61337502a\" data-id=\"69fc61337502a\" data-height=\"100\" data-height-mobile=\"35\" data-height-tab=\"50\" data-height-tab-portrait=\"50\" data-height-mobile-landscape=\"35\" style=\"clear:both;display:block;\"><\/div><div class='dt-sc-title script-with-sub-title alignleft'><h6>Ein starkes Team<\/h6><h4>Unsere F\u00fchrungskr\u00e4fte<\/h4><\/div>[vc_row_inner][vc_column_inner width=&#8220;1\/6&#8243;][vc_single_image image=&#8220;9664&#8243; img_size=&#8220;200&#8243; alignment=&#8220;center&#8220; style=&#8220;vc_box_outline_circle_2&#8243;]<div id=\"ultimate-heading-335569fc613375048\" class=\"uvc-heading ult-adjust-bottom-margin ultimate-heading-335569fc613375048 uvc-9278 \" data-hspacer=\"no_spacer\"  data-halign=\"center\" style=\"text-align:center\"><div class=\"uvc-heading-spacer no_spacer\" style=\"top\"><\/div><div class=\"uvc-main-heading ult-responsive\"  data-ultimate-target='.uvc-heading.ultimate-heading-335569fc613375048 h2'  data-responsive-json-new='{\"font-size\":\"\",\"line-height\":\"\"}' ><h2 style=\"font-weight:normal;\">Daniel Sch\u00e4ck<\/h2><\/div><div class=\"uvc-sub-heading ult-responsive\"  data-ultimate-target='.uvc-heading.ultimate-heading-335569fc613375048 .uvc-sub-heading '  data-responsive-json-new='{\"font-size\":\"\",\"line-height\":\"\"}'  style=\"font-weight:normal;\">Pflegedienstleiter<\/div><\/div>[\/vc_column_inner][vc_column_inner width=&#8220;1\/6&#8243;][vc_single_image image=&#8220;9347&#8243; img_size=&#8220;200&#8243; alignment=&#8220;center&#8220; style=&#8220;vc_box_outline_circle_2&#8243;]<div id=\"ultimate-heading-730969fc61337507e\" class=\"uvc-heading ult-adjust-bottom-margin ultimate-heading-730969fc61337507e uvc-9326 \" data-hspacer=\"no_spacer\"  data-halign=\"center\" style=\"text-align:center\"><div class=\"uvc-heading-spacer no_spacer\" style=\"top\"><\/div><div class=\"uvc-main-heading ult-responsive\"  data-ultimate-target='.uvc-heading.ultimate-heading-730969fc61337507e h2'  data-responsive-json-new='{\"font-size\":\"\",\"line-height\":\"\"}' ><h2 style=\"font-weight:normal;\">Anja<br \/>\nGreil<\/h2><\/div><div class=\"uvc-sub-heading ult-responsive\"  data-ultimate-target='.uvc-heading.ultimate-heading-730969fc61337507e .uvc-sub-heading '  data-responsive-json-new='{\"font-size\":\"\",\"line-height\":\"\"}'  style=\"font-weight:normal;\">Leitung Wohnbereich 1<\/div><\/div>[\/vc_column_inner][vc_column_inner width=&#8220;1\/6&#8243;][vc_single_image image=&#8220;9358&#8243; img_size=&#8220;200&#8243; alignment=&#8220;center&#8220; style=&#8220;vc_box_outline_circle_2&#8243;]<div id=\"ultimate-heading-520769fc6133750b1\" class=\"uvc-heading ult-adjust-bottom-margin ultimate-heading-520769fc6133750b1 uvc-4337 \" data-hspacer=\"no_spacer\"  data-halign=\"center\" style=\"text-align:center\"><div class=\"uvc-heading-spacer no_spacer\" style=\"top\"><\/div><div class=\"uvc-main-heading ult-responsive\"  data-ultimate-target='.uvc-heading.ultimate-heading-520769fc6133750b1 h2'  data-responsive-json-new='{\"font-size\":\"\",\"line-height\":\"\"}' ><h2 style=\"font-weight:normal;\">Andrea Donnerer<\/h2><\/div><div class=\"uvc-sub-heading ult-responsive\"  data-ultimate-target='.uvc-heading.ultimate-heading-520769fc6133750b1 .uvc-sub-heading '  data-responsive-json-new='{\"font-size\":\"\",\"line-height\":\"\"}'  style=\"font-weight:normal;\">Leitung Wohnbereich 2<\/div><\/div>[\/vc_column_inner][vc_column_inner width=&#8220;1\/6&#8243;][vc_single_image image=&#8220;9665&#8243; img_size=&#8220;200&#8243; alignment=&#8220;center&#8220; style=&#8220;vc_box_outline_circle_2&#8243;]<div id=\"ultimate-heading-509069fc6133750d0\" class=\"uvc-heading ult-adjust-bottom-margin ultimate-heading-509069fc6133750d0 uvc-7228 \" data-hspacer=\"no_spacer\"  data-halign=\"center\" style=\"text-align:center\"><div class=\"uvc-heading-spacer no_spacer\" style=\"top\"><\/div><div class=\"uvc-main-heading ult-responsive\"  data-ultimate-target='.uvc-heading.ultimate-heading-509069fc6133750d0 h2'  data-responsive-json-new='{\"font-size\":\"\",\"line-height\":\"\"}' ><h2 style=\"font-weight:normal;\">Sandra Absmeier<\/h2><\/div><div class=\"uvc-sub-heading ult-responsive\"  data-ultimate-target='.uvc-heading.ultimate-heading-509069fc6133750d0 .uvc-sub-heading '  data-responsive-json-new='{\"font-size\":\"\",\"line-height\":\"\"}'  style=\"font-weight:normal;\">Leitung Sozialdienst<\/div><\/div>[\/vc_column_inner][vc_column_inner width=&#8220;1\/6&#8243;][vc_single_image image=&#8220;9666&#8243; img_size=&#8220;200&#8243; alignment=&#8220;center&#8220; style=&#8220;vc_box_outline_circle_2&#8243;]<div id=\"ultimate-heading-209269fc6133750ee\" class=\"uvc-heading ult-adjust-bottom-margin ultimate-heading-209269fc6133750ee uvc-5527 \" data-hspacer=\"no_spacer\"  data-halign=\"center\" style=\"text-align:center\"><div class=\"uvc-heading-spacer no_spacer\" style=\"top\"><\/div><div class=\"uvc-main-heading ult-responsive\"  data-ultimate-target='.uvc-heading.ultimate-heading-209269fc6133750ee h2'  data-responsive-json-new='{\"font-size\":\"\",\"line-height\":\"\"}' ><h2 style=\"font-weight:normal;\">Simona Lindinger<\/h2><\/div><div class=\"uvc-sub-heading ult-responsive\"  data-ultimate-target='.uvc-heading.ultimate-heading-209269fc6133750ee .uvc-sub-heading '  data-responsive-json-new='{\"font-size\":\"\",\"line-height\":\"\"}'  style=\"font-weight:normal;\">Leitung K\u00fcche<\/div><\/div>[\/vc_column_inner][vc_column_inner width=&#8220;1\/6&#8243;][vc_single_image image=&#8220;9346&#8243; img_size=&#8220;200&#8243; alignment=&#8220;center&#8220; style=&#8220;vc_box_outline_circle_2&#8243;]<div id=\"ultimate-heading-413369fc61337510a\" class=\"uvc-heading ult-adjust-bottom-margin ultimate-heading-413369fc61337510a uvc-9967 \" data-hspacer=\"no_spacer\"  data-halign=\"center\" style=\"text-align:center\"><div class=\"uvc-heading-spacer no_spacer\" style=\"top\"><\/div><div class=\"uvc-main-heading ult-responsive\"  data-ultimate-target='.uvc-heading.ultimate-heading-413369fc61337510a h2'  data-responsive-json-new='{\"font-size\":\"\",\"line-height\":\"\"}' ><h2 style=\"font-weight:normal;\">Martina Rohrmeier<\/h2><\/div><div class=\"uvc-sub-heading ult-responsive\"  data-ultimate-target='.uvc-heading.ultimate-heading-413369fc61337510a .uvc-sub-heading '  data-responsive-json-new='{\"font-size\":\"\",\"line-height\":\"\"}'  style=\"font-weight:normal;\">Leitung Verwaltung<\/div><\/div>[\/vc_column_inner][\/vc_row_inner]<div class=\"ult-spacer spacer-69fc613375125\" data-id=\"69fc613375125\" data-height=\"100\" data-height-mobile=\"35\" data-height-tab=\"50\" data-height-tab-portrait=\"50\" data-height-mobile-landscape=\"35\" style=\"clear:both;display:block;\"><\/div>[\/vc_column][\/vc_row][vc_row][vc_column]<div class=\"ult-spacer spacer-69fc613375131\" data-id=\"69fc613375131\" data-height=\"100\" data-height-mobile=\"35\" data-height-tab=\"50\" data-height-tab-portrait=\"50\" data-height-mobile-landscape=\"35\" style=\"clear:both;display:block;\"><\/div>[\/vc_column][\/vc_row][vc_row][vc_column][vc_separator color=&#8220;sandy_brown&#8220; border_width=&#8220;4&#8243;][\/vc_column][\/vc_row][vc_row][vc_column][vc_row_inner][vc_column_inner width=&#8220;1\/2&#8243;]<ul class='dt-sc-fancy-list   link'>\n<li>\n<h4>Hier m\u00f6chten wir uns herzlich bei den ortsans\u00e4ssigen Firmen bedanken, die sich bei der Anschaffung des hausinternen Defibrillators beteiligt haben!<\/h4>\n<\/li>\n<\/ul>[\/vc_column_inner][vc_column_inner width=&#8220;1\/2&#8243;]<a href='https:\/\/www.ninobility.com\/Sponsor\/1_75303\/' target='_blank' title='Partner' class='dt-sc-button vc_custom_1568637221188  small   bordered  '  style=\"font-size:10;\"> Sponsoren Defibrillator <\/a><a href='https:\/\/www.ninobility.com\/Sponsor\/1_75303\/btn_1_75303.png' target='_blank' title='Partner' class='dt-sc-button   small   bordered  '  style=\"font-size:10;\"> Sponsoren <\/a>[vc_column_text][\/vc_column_text][\/vc_column_inner][\/vc_row_inner][vc_separator color=&#8220;sandy_brown&#8220; border_width=&#8220;4&#8243;][\/vc_column][\/vc_row][vc_row][vc_column][\/vc_column][\/vc_row][vc_row full_width=&#8220;stretch_row&#8220; parallax=&#8220;content-moving&#8220; parallax_image=&#8220;9985&#8243; el_class=&#8220;gradient-parallax vcr_float_right&#8220; css=&#8220;.vc_custom_1561540025709{padding-bottom: 50px !important;}&#8220;][vc_column]<div class=\"ult-spacer spacer-69fc61337517e\" data-id=\"69fc61337517e\" data-height=\"100\" data-height-mobile=\"35\" data-height-tab=\"50\" data-height-tab-portrait=\"50\" data-height-mobile-landscape=\"35\" style=\"clear:both;display:block;\"><\/div>[\/vc_column][vc_column width=&#8220;1\/2&#8243;][vc_single_image image=&#8220;9772&#8243; img_size=&#8220;large&#8220; alignment=&#8220;center&#8220;][\/vc_column][vc_column width=&#8220;1\/2&#8243; el_class=&#8220;gradient-content rs_col-sm-12&#8243;]<div class='dt-sc-title script-with-sub-title '><h6>F\u00fcr Sie ist die Arbeit mit Menschen das Wichtigste?<\/h6><h4>Dann bewerben Sie sich <strong>bei uns...<\/strong><\/h4><\/div><h4>Wir bieten Ihnen einen sch\u00f6nen, sicheren Arbeitsplatz mit tollem Umfeld<\/h4>[vc_column_text]Das Haus Sonnengarten steht f\u00fcr kompetente und freundliche Pflege mit Top-Personal. Wir suchen deshalb st\u00e4ndig motivierte Mitarbeiter, die mit uns mit Herzblut bei unseren anspruchsvollen Aufgaben unterst\u00fctzen. Wir freuen uns auf Ihre aussagekr\u00e4ftige Bewerbung.[\/vc_column_text][vc_separator color=&#8220;custom&#8220;][vc_row_inner][vc_column_inner width=&#8220;1\/2&#8243;]<ul class='dt-sc-fancy-list   heart'>\n<li>Attraktive Bezahlung<\/li>\n<li>Gute Aufstiegschancen<\/li>\n<li>Tolle Kollegen<\/li>\n<\/ul>[\/vc_column_inner][vc_column_inner width=&#8220;1\/2&#8243;]<ul class='dt-sc-fancy-list   heart'>\n<li>Weiterbildungen<\/li>\n<li>Gute Sozialleistungen<\/li>\n<li>Individuelle Arbeitszeiten<\/li>\n<\/ul>[\/vc_column_inner][\/vc_row_inner][\/vc_column][\/vc_row]<\/p>\n<\/div>","protected":false},"excerpt":{"rendered":"<p>[vc_row][vc_column width=&#8220;1\/2&#8243;][vc_single_image image=&#8220;9069&#8243; img_size=&#8220;full&#8220;][\/vc_column][vc_column width=&#8220;1\/2&#8243;][vc_single_image image=&#8220;9342&#8243; img_size=&#8220;full&#8220;][\/vc_column][\/vc_row][vc_row][vc_column][vc_column_text][\/vc_column_text][\/vc_column][\/vc_row][vc_row][vc_column][\/vc_column][\/vc_row][vc_row full_width=&#8220;stretch_row&#8220; bg_type=&#8220;image&#8220; parallax_style=&#8220;vcpb-default&#8220; bg_image_new=&#8220;id^9091|url^https:\/\/www.sonnengarten-ruhstorf.de\/wp-content\/uploads\/2019\/05\/Sonnenblume_0558Ausschnitt.jpg|caption^null|alt^null|title^Sonnenblume_0558Ausschnitt|description^null&#8220; bg_img_attach=&#8220;fixed&#8220; enable_overlay=&#8220;enable_overlay_value&#8220; overlay_color=&#8220;rgba(204,58,42,0.91)&#8220; overlay_pattern=&#8220;02.png&#8220; css=&#8220;.vc_custom_1559133282810{padding-top: 70px !important;padding-bottom: 70px !important;}&#8220;][vc_column][\/vc_column][\/vc_row][vc_row][vc_column][\/vc_column][\/vc_row][vc_row enable_overlay=&#8220;enable_overlay_value&#8220; overlay_color=&#8220;#f7da00&#8243; overlay_pattern=&#8220;transperant&#8220;][vc_column width=&#8220;1\/2&#8243;][\/vc_column][vc_column width=&#8220;1\/2&#8243;][vc_single_image image=&#8220;9707&#8243; img_size=&#8220;full&#8220;][\/vc_column][\/vc_row][vc_row full_width=&#8220;stretch_row&#8220; bg_type=&#8220;bg_color&#8220; bg_override=&#8220;full&#8220; bg_color_value=&#8220;#fefaf0&#8243;][vc_column][vc_row_inner][vc_column_inner width=&#8220;1\/6&#8243;][vc_single_image image=&#8220;9664&#8243; img_size=&#8220;200&#8243; alignment=&#8220;center&#8220; style=&#8220;vc_box_outline_circle_2&#8243;][\/vc_column_inner][vc_column_inner width=&#8220;1\/6&#8243;][vc_single_image image=&#8220;9347&#8243; img_size=&#8220;200&#8243; alignment=&#8220;center&#8220; style=&#8220;vc_box_outline_circle_2&#8243;][\/vc_column_inner][vc_column_inner width=&#8220;1\/6&#8243;][vc_single_image image=&#8220;9358&#8243; img_size=&#8220;200&#8243; alignment=&#8220;center&#8220; style=&#8220;vc_box_outline_circle_2&#8243;][\/vc_column_inner][vc_column_inner width=&#8220;1\/6&#8243;][vc_single_image image=&#8220;9665&#8243; img_size=&#8220;200&#8243; alignment=&#8220;center&#8220; style=&#8220;vc_box_outline_circle_2&#8243;][\/vc_column_inner][vc_column_inner width=&#8220;1\/6&#8243;][vc_single_image image=&#8220;9666&#8243; img_size=&#8220;200&#8243; alignment=&#8220;center&#8220; [&hellip;]<\/p>\n","protected":false},"author":1,"featured_media":0,"parent":0,"menu_order":0,"comment_status":"closed","ping_status":"closed","template":"","meta":{"footnotes":""},"class_list":["post-8061","page","type-page","status-publish","hentry"],"_links":{"self":[{"href":"https:\/\/www.sonnengarten-ruhstorf.de\/index.php\/wp-json\/wp\/v2\/pages\/8061","targetHints":{"allow":["GET"]}}],"collection":[{"href":"https:\/\/www.sonnengarten-ruhstorf.de\/index.php\/wp-json\/wp\/v2\/pages"}],"about":[{"href":"https:\/\/www.sonnengarten-ruhstorf.de\/index.php\/wp-json\/wp\/v2\/types\/page"}],"author":[{"embeddable":true,"href":"https:\/\/www.sonnengarten-ruhstorf.de\/index.php\/wp-json\/wp\/v2\/users\/1"}],"replies":[{"embeddable":true,"href":"https:\/\/www.sonnengarten-ruhstorf.de\/index.php\/wp-json\/wp\/v2\/comments?post=8061"}],"version-history":[{"count":89,"href":"https:\/\/www.sonnengarten-ruhstorf.de\/index.php\/wp-json\/wp\/v2\/pages\/8061\/revisions"}],"predecessor-version":[{"id":9977,"href":"https:\/\/www.sonnengarten-ruhstorf.de\/index.php\/wp-json\/wp\/v2\/pages\/8061\/revisions\/9977"}],"wp:attachment":[{"href":"https:\/\/www.sonnengarten-ruhstorf.de\/index.php\/wp-json\/wp\/v2\/media?parent=8061"}],"curies":[{"name":"wp","href":"https:\/\/api.w.org\/{rel}","templated":true}]}}