{"id":10088,"date":"2023-10-12T10:59:57","date_gmt":"2023-10-12T08:59:57","guid":{"rendered":"https:\/\/www.sonnengarten-ruhstorf.de\/?page_id=10088"},"modified":"2025-02-13T18:22:37","modified_gmt":"2025-02-13T17:22:37","slug":"tagespflege","status":"publish","type":"page","link":"https:\/\/www.sonnengarten-ruhstorf.de\/index.php\/tagespflege\/","title":{"rendered":"Tagespflege"},"content":{"rendered":"<div class=\"wpb-content-wrapper\"><p>[vc_row][vc_column][vc_column_text]<\/p>\n<div class=\"heading\" style=\"text-align: center;\">Neuer\u00f6ffnung der Villa Sonnengarten mit Tagespflege<\/div>\n<p>[\/vc_column_text][vc_column_text]<\/p>\n<div class=\"subheading_h2\"><span class=\"color_tagespflege\">Ihre Bed\u00fcrfnisse und Ihr Wohlbefinden<\/span> in liebevollen H\u00e4nden<\/div>\n<p>[\/vc_column_text][\/vc_column][\/vc_row][vc_row full_width=&#8220;stretch_row_content_no_spaces&#8220; equal_height=&#8220;yes&#8220;][vc_column width=&#8220;1\/6&#8243; css=&#8220;.vc_custom_1697648576278{background-color: #95ba20 !important;}&#8220; offset=&#8220;vc_hidden-sm vc_hidden-xs&#8220;][\/vc_column][vc_column width=&#8220;1\/3&#8243; css=&#8220;.vc_custom_1697649814672{padding-top: 50px !important;padding-right: 50px !important;padding-bottom: 50px !important;padding-left: 30px !important;background-color: #95ba20 !important;}&#8220;][vc_column_text]<\/p>\n<div class=\"heading\">Tagespflege in der Villa Sonnengarten<\/div>\n<p>[\/vc_column_text][vc_column_text]<\/p>\n<div class=\"subheading_h4\"><span class=\"color_betreutes_wohnen\">Lehnen Sie sich zur\u00fcck \u2013 <\/span>wir sind f\u00fcr Sie da.<\/div>\n<p>[\/vc_column_text][vc_column_text el_class=&#8220;color_white&#8220;]In unserem neuen Haus \u201eVilla Sonnengarten\u201c genie\u00dfen Sie liebevolle Tagespflege in heimeliger Wohlf\u00fchlatmosph\u00e4re.<br \/>\nWir k\u00fcmmern uns um Ihre individuellen W\u00fcnsche und Bed\u00fcrfnisse, damit Sie sich bei uns voll und ganz entspannen k\u00f6nnen. Betreut werden maximal 15 SeniorenInnen, damit wir ganz pers\u00f6nlich f\u00fcr Sie da sein k\u00f6nnen. Erleben Sie gemeinschaftliches Beisammensein und bl\u00fchen Sie auf bei zahlreichen gemeinsamen Aktivit\u00e4ten. Atmen Sie durch und genie\u00dfen Sie pure Lebensqualit\u00e4t \u00a0in unserem idyllischen\u00a0 Garten, der Ihnen Barrierefreiheit und viele schattige Wohlf\u00fchlpl\u00e4tzchen zu bieten hat.<span class=\"Apple-converted-space\">\u00a0<\/span><\/p>\n<p>Alleine Essen, war gestern: Bei uns genie\u00dfen Sie regionale K\u00f6stlichkeiten in herzlicher Gemeinschaft.<span class=\"Apple-converted-space\">\u00a0<\/span><\/p>\n<p>Biografische Besonderheiten werden bei uns achtsam begleitet und liebevoll in den Tagesablauf integriert.<\/p>\n<p>Unser Team holt Sie von zu Hause ab und bringt Sie auch wieder, wenn n\u00f6tig auch mit rollstuhlgerechtem Kfz.[\/vc_column_text][vc_cta h2=&#8220;Wenn Sie Fragen haben, beraten wir Sie gerne.&#8220;]<\/p>\n<h3>Telefon: + 49 (0) 85 31 &#8211; 9 33 00<\/h3>\n<p>[\/vc_cta][\/vc_column][vc_column width=&#8220;1\/2&#8243; css=&#8220;.vc_custom_1697887528439{background-image: url(https:\/\/www.sonnengarten-ruhstorf.de\/wp-content\/uploads\/2023\/10\/VillaSogaTagespflege_2000x1500.jpg?id=10066) !important;background-position: center !important;background-repeat: no-repeat !important;background-size: cover !important;}&#8220; offset=&#8220;vc_col-xs-12&#8243;][vc_column_text]&nbsp;<\/p>\n<p>&nbsp;<\/p>\n<p>&nbsp;<\/p>\n<p>&nbsp;<\/p>\n<p>&nbsp;<\/p>\n<p>&nbsp;[\/vc_column_text][\/vc_column][\/vc_row][vc_row][vc_column]<div class=\"ult-spacer spacer-69fc6191d1a07\" data-id=\"69fc6191d1a07\" data-height=\"100\" data-height-mobile=\"\" data-height-tab=\"80\" data-height-tab-portrait=\"80\" data-height-mobile-landscape=\"\" style=\"clear:both;display:block;\"><\/div>[vc_column_text]<\/p>\n<h1 style=\"text-align: center;\">Alles gl\u00e4nzt so sch\u00f6n neu in unseren R\u00e4umlichkeiten im neuen Geb\u00e4ude der Tagespflege Villa Sonnengarten.<\/h1>\n<p>[\/vc_column_text]<div class=\"ult-spacer spacer-69fc6191d1a1a\" data-id=\"69fc6191d1a1a\" data-height=\"80\" data-height-mobile=\"\" data-height-tab=\"50\" data-height-tab-portrait=\"50\" data-height-mobile-landscape=\"\" style=\"clear:both;display:block;\"><\/div>[\/vc_column][\/vc_row][vc_row][vc_column width=&#8220;1\/5&#8243;][vc_single_image image=&#8220;10534&#8243; img_size=&#8220;full&#8220; alignment=&#8220;center&#8220; onclick=&#8220;link_image&#8220;][\/vc_column][vc_column width=&#8220;1\/5&#8243;][vc_single_image image=&#8220;10567&#8243; img_size=&#8220;full&#8220; alignment=&#8220;center&#8220; onclick=&#8220;link_image&#8220;][\/vc_column][vc_column width=&#8220;1\/5&#8243;][vc_single_image image=&#8220;10566&#8243; img_size=&#8220;full&#8220; alignment=&#8220;center&#8220; onclick=&#8220;link_image&#8220;][\/vc_column][vc_column width=&#8220;1\/5&#8243;][vc_single_image image=&#8220;10531&#8243; img_size=&#8220;full&#8220; alignment=&#8220;center&#8220; onclick=&#8220;link_image&#8220;][\/vc_column][vc_column width=&#8220;1\/5&#8243;][vc_single_image image=&#8220;10565&#8243; img_size=&#8220;full&#8220; alignment=&#8220;center&#8220; onclick=&#8220;link_image&#8220;][\/vc_column][\/vc_row][vc_row][vc_column]<div class=\"ult-spacer spacer-69fc6191d1a26\" data-id=\"69fc6191d1a26\" data-height=\"100\" data-height-mobile=\"35\" data-height-tab=\"50\" data-height-tab-portrait=\"50\" data-height-mobile-landscape=\"35\" style=\"clear:both;display:block;\"><\/div>[\/vc_column][\/vc_row][vc_row bg_type=&#8220;bg_color&#8220; bg_override=&#8220;full&#8220;][vc_column width=&#8220;1\/6&#8243;][\/vc_column][vc_column width=&#8220;2\/3&#8243;][vc_column_text el_class=&#8220;heading_h3_tagespflege&#8220;]<\/p>\n<p style=\"text-align: center;\"><span class=\"color_betreutes_wohnen\">Die Villa Sonnengarten<\/span> Tagespflege<\/p>\n<p>[\/vc_column_text][vc_column_text el_class=&#8220;aligncenter&#8220;]<\/p>\n<h3>Rundum gut versorgt in der Tagespflege der Villa Sonnengarten.<\/h3>\n<p>[\/vc_column_text]<div class=\"ult-spacer spacer-69fc6191d1a31\" data-id=\"69fc6191d1a31\" data-height=\"40\" data-height-mobile=\"20\" data-height-tab=\"30\" data-height-tab-portrait=\"30\" data-height-mobile-landscape=\"20\" style=\"clear:both;display:block;\"><\/div><div class=\"aio-icon-component    style_1\"><div id=\"Info-box-wrap-2337\" class=\"aio-icon-box left-icon\" style=\"\"  ><div class=\"aio-icon-left\"><div class=\"ult-just-icon-wrapper  \"><div class=\"align-icon\" style=\"text-align:center;\">\n<div class=\"aio-icon none \"  style=\"color:#95ba20;font-size:52px;display:inline-block;\">\n\t<i class=\"Defaults-check\"><\/i>\n<\/div><\/div><\/div><\/div><div class=\"aio-ibd-block\"><div class=\"aio-icon-header\" ><h3 class=\"aio-icon-title ult-responsive\"  data-ultimate-target='#Info-box-wrap-2337 .aio-icon-title'  data-responsive-json-new='{\"font-size\":\"\",\"line-height\":\"\"}'  style=\"\">Pers\u00f6nliche Betreuung<\/h3><\/div> <!-- header --><div class=\"aio-icon-description ult-responsive\"  data-ultimate-target='#Info-box-wrap-2337 .aio-icon-description'  data-responsive-json-new='{\"font-size\":\"\",\"line-height\":\"\"}'  style=\"\">Betreut werden maximal 15 SeniorenInnen, damit wir f\u00fcr Sie da sein k\u00f6nnen.<\/div> <!-- description --><\/div> <!-- aio-ibd-block --><\/div> <!-- aio-icon-box --><\/div> <!-- aio-icon-component --><div class=\"aio-icon-component    style_1\"><div id=\"Info-box-wrap-8850\" class=\"aio-icon-box left-icon\" style=\"\"  ><div class=\"aio-icon-left\"><div class=\"ult-just-icon-wrapper  \"><div class=\"align-icon\" style=\"text-align:center;\">\n<div class=\"aio-icon none \"  style=\"color:#95ba20;font-size:52px;display:inline-block;\">\n\t<i class=\"Defaults-check\"><\/i>\n<\/div><\/div><\/div><\/div><div class=\"aio-ibd-block\"><div class=\"aio-icon-header\" ><h3 class=\"aio-icon-title ult-responsive\"  data-ultimate-target='#Info-box-wrap-8850 .aio-icon-title'  data-responsive-json-new='{\"font-size\":\"\",\"line-height\":\"\"}'  style=\"\">Regionale K\u00fcche<\/h3><\/div> <!-- header --><div class=\"aio-icon-description ult-responsive\"  data-ultimate-target='#Info-box-wrap-8850 .aio-icon-description'  data-responsive-json-new='{\"font-size\":\"\",\"line-height\":\"\"}'  style=\"\">Bei uns genie\u00dfen Sie regionale Speisen in geselliger Atmosph\u00e4re.<\/div> <!-- description --><\/div> <!-- aio-ibd-block --><\/div> <!-- aio-icon-box --><\/div> <!-- aio-icon-component --><div class=\"aio-icon-component    style_1\"><div id=\"Info-box-wrap-2617\" class=\"aio-icon-box left-icon\" style=\"\"  ><div class=\"aio-icon-left\"><div class=\"ult-just-icon-wrapper  \"><div class=\"align-icon\" style=\"text-align:center;\">\n<div class=\"aio-icon none \"  style=\"color:#95ba20;font-size:52px;display:inline-block;\">\n\t<i class=\"Defaults-check\"><\/i>\n<\/div><\/div><\/div><\/div><div class=\"aio-ibd-block\"><div class=\"aio-icon-header\" ><h3 class=\"aio-icon-title ult-responsive\"  data-ultimate-target='#Info-box-wrap-2617 .aio-icon-title'  data-responsive-json-new='{\"font-size\":\"\",\"line-height\":\"\"}'  style=\"\">Hol- und Bringservice<\/h3><\/div> <!-- header --><div class=\"aio-icon-description ult-responsive\"  data-ultimate-target='#Info-box-wrap-2617 .aio-icon-description'  data-responsive-json-new='{\"font-size\":\"\",\"line-height\":\"\"}'  style=\"\">Wir holen Sie von zu Hause und bringen Sie auch wieder.<\/div> <!-- description --><\/div> <!-- aio-ibd-block --><\/div> <!-- aio-icon-box --><\/div> <!-- aio-icon-component -->[\/vc_column][vc_column width=&#8220;1\/6&#8243;][\/vc_column][\/vc_row][vc_row][vc_column]<div class=\"ult-spacer spacer-69fc6191d1bbc\" data-id=\"69fc6191d1bbc\" data-height=\"65\" data-height-mobile=\"35\" data-height-tab=\"40\" data-height-tab-portrait=\"40\" data-height-mobile-landscape=\"35\" style=\"clear:both;display:block;\"><\/div>[\/vc_column][\/vc_row][vc_row bg_type=&#8220;bg_color&#8220; bg_override=&#8220;full&#8220; bg_color_value=&#8220;rgba(96,175,31,0.2)&#8220;][vc_column]<div class=\"ult-spacer spacer-69fc6191d1bc6\" data-id=\"69fc6191d1bc6\" data-height=\"50\" data-height-mobile=\"\" data-height-tab=\"50\" data-height-tab-portrait=\"50\" data-height-mobile-landscape=\"\" style=\"clear:both;display:block;\"><\/div>[\/vc_column][vc_column width=&#8220;1\/2&#8243;]<h6>Mitarbeiter der Tagespflege in der Villa Sonnengarten<\/h6><div class=\"aio-icon-component    style_1\"><div id=\"Info-box-wrap-6323\" class=\"aio-icon-box default-icon\" style=\"\"  ><div class=\"aio-icon-description ult-responsive\"  data-ultimate-target='#Info-box-wrap-6323 .aio-icon-description'  data-responsive-json-new='{\"font-size\":\"\",\"line-height\":\"\"}'  style=\"\">Mitarbeiter von links nach rechts:<br \/>\nhinten: <strong>Maria Martaller, Michaela Stampfer<br \/>\n<\/strong>vorne: <strong>Monika Seidl, Sabine Feuchthuber<\/strong><\/p>\n<p>&nbsp;<\/p>\n<p>Unsere herzlich kompetenten Mitarbeiter in der Tagespflege in der Villa Sonnengarten in Ruhstorf an der Rott unterst\u00fctzen Sie und sorgen daf\u00fcr, dass individuell auf alle Ihre W\u00fcnsche und Bed\u00fcrfnisse eingegangen wird.<\/p>\n<p>\u00dcberzeugen Sie sich selbst \u2013 am besten bei einem pers\u00f6nlichen Besuch in der Villa Sonnengarten \u2013 Tagespflege. Wir freuen uns jetzt schon auf Sie.<\/div> <!-- description --><\/div> <!-- aio-icon-box --><\/div> <!-- aio-icon-component -->[\/vc_column][vc_column width=&#8220;1\/2&#8243;][vc_single_image image=&#8220;10592&#8243; img_size=&#8220;full&#8220;][\/vc_column][vc_column][\/vc_column][\/vc_row][vc_row bg_type=&#8220;bg_color&#8220; bg_override=&#8220;full&#8220; bg_color_value=&#8220;rgba(96,175,31,0.2)&#8220;][vc_column][\/vc_column][\/vc_row][vc_row bg_type=&#8220;bg_color&#8220; bg_override=&#8220;full&#8220;][vc_column]<div class=\"ult-spacer spacer-69fc6191d1c1c\" data-id=\"69fc6191d1c1c\" data-height=\"120\" data-height-mobile=\"50\" data-height-tab=\"80\" data-height-tab-portrait=\"80\" data-height-mobile-landscape=\"50\" style=\"clear:both;display:block;\"><\/div>[vc_column_text]<\/p>\n<h3>Weitere Vorteile der Tagespflege<\/h3>\n<p><strong>Teilzeitbetreuung:<\/strong> In der Tagespflege werden in der Regel die Pflegebed\u00fcrftigen nur tags\u00fcber betreut. Abends kehren sie in ihre eigenen Wohnungen oder in die Pflege ihrer Angeh\u00f6rigen zur\u00fcck. Wir holen und bringen ihre Liebsten gerne. Dies bietet den Angeh\u00f6rigen die M\u00f6glichkeit zur Entlastung.<\/p>\n<p><strong>F\u00f6rderung der Selbstst\u00e4ndigkeit:<\/strong> Die bei uns angebotenen Programme und Freizeitbesch\u00e4ftigungen in der Tagespflege\u00a0 f\u00f6rdern\u00a0die Selbstst\u00e4ndigkeit und die Lebendigkeit der SeniorenInnen.\u00a0K\u00f6rperliche Fitness und kognitive F\u00e4higkeiten werden gesteigert\u00a0und die Vitalit\u00e4t der SeniorenInnen angeregt.<\/p>\n<p><strong>Individuelle Pflege:<\/strong> Wir bieten mit unserer Tagespflegeeinrichtung Villa Sonnengarten individuelle Pflegepl\u00e4ne, die auf die Bed\u00fcrfnisse und Vorlieben der Pflegebed\u00fcrftigen zugeschnitten sind.[\/vc_column_text][\/vc_column][vc_column][\/vc_column][\/vc_row]<\/p>\n<\/div>","protected":false},"excerpt":{"rendered":"<p>[vc_row][vc_column][vc_column_text] Neuer\u00f6ffnung der Villa Sonnengarten mit Tagespflege [\/vc_column_text][vc_column_text] Ihre Bed\u00fcrfnisse und Ihr Wohlbefinden in liebevollen H\u00e4nden [\/vc_column_text][\/vc_column][\/vc_row][vc_row full_width=&#8220;stretch_row_content_no_spaces&#8220; equal_height=&#8220;yes&#8220;][vc_column width=&#8220;1\/6&#8243; css=&#8220;.vc_custom_1697648576278{background-color: #95ba20 !important;}&#8220; offset=&#8220;vc_hidden-sm vc_hidden-xs&#8220;][\/vc_column][vc_column width=&#8220;1\/3&#8243; css=&#8220;.vc_custom_1697649814672{padding-top: 50px !important;padding-right: 50px !important;padding-bottom: 50px !important;padding-left: 30px !important;background-color: #95ba20 !important;}&#8220;][vc_column_text] Tagespflege in der Villa Sonnengarten [\/vc_column_text][vc_column_text] Lehnen Sie sich zur\u00fcck \u2013 wir sind f\u00fcr Sie da. [\/vc_column_text][vc_column_text el_class=&#8220;color_white&#8220;]In [&hellip;]<\/p>\n","protected":false},"author":1,"featured_media":0,"parent":0,"menu_order":0,"comment_status":"closed","ping_status":"closed","template":"","meta":{"footnotes":""},"class_list":["post-10088","page","type-page","status-publish","hentry"],"_links":{"self":[{"href":"https:\/\/www.sonnengarten-ruhstorf.de\/index.php\/wp-json\/wp\/v2\/pages\/10088","targetHints":{"allow":["GET"]}}],"collection":[{"href":"https:\/\/www.sonnengarten-ruhstorf.de\/index.php\/wp-json\/wp\/v2\/pages"}],"about":[{"href":"https:\/\/www.sonnengarten-ruhstorf.de\/index.php\/wp-json\/wp\/v2\/types\/page"}],"author":[{"embeddable":true,"href":"https:\/\/www.sonnengarten-ruhstorf.de\/index.php\/wp-json\/wp\/v2\/users\/1"}],"replies":[{"embeddable":true,"href":"https:\/\/www.sonnengarten-ruhstorf.de\/index.php\/wp-json\/wp\/v2\/comments?post=10088"}],"version-history":[{"count":80,"href":"https:\/\/www.sonnengarten-ruhstorf.de\/index.php\/wp-json\/wp\/v2\/pages\/10088\/revisions"}],"predecessor-version":[{"id":10576,"href":"https:\/\/www.sonnengarten-ruhstorf.de\/index.php\/wp-json\/wp\/v2\/pages\/10088\/revisions\/10576"}],"wp:attachment":[{"href":"https:\/\/www.sonnengarten-ruhstorf.de\/index.php\/wp-json\/wp\/v2\/media?parent=10088"}],"curies":[{"name":"wp","href":"https:\/\/api.w.org\/{rel}","templated":true}]}}