{"id":10079,"date":"2023-10-12T10:40:54","date_gmt":"2023-10-12T08:40:54","guid":{"rendered":"https:\/\/www.sonnengarten-ruhstorf.de\/?page_id=10079"},"modified":"2023-12-20T13:33:05","modified_gmt":"2023-12-20T12:33:05","slug":"betreutes-wohnen","status":"publish","type":"page","link":"https:\/\/www.sonnengarten-ruhstorf.de\/index.php\/betreutes-wohnen\/","title":{"rendered":"Betreutes Wohnen"},"content":{"rendered":"<div class=\"wpb-content-wrapper\"><p>[vc_row full_width=&#8220;stretch_row&#8220;][vc_column]<div class=\"ult-spacer spacer-69fc61af7c3b2\" data-id=\"69fc61af7c3b2\" data-height=\"30\" data-height-mobile=\"30\" data-height-tab=\"30\" data-height-tab-portrait=\"\" data-height-mobile-landscape=\"\" style=\"clear:both;display:block;\"><\/div>[vc_column_text]<\/p>\n<div class=\"heading\" style=\"text-align: center;\">Neuer\u00f6ffnung der Villa Sonnengarten mit betreutem Wohnen<\/div>\n<p>[\/vc_column_text][vc_column_text]<\/p>\n<div class=\"subheading_h2\"><span class=\"color_betreutes_wohnen\">Selbstbestimmt und gut betreut<\/span> in den besten Jahren<\/div>\n<p>[\/vc_column_text][vc_column_text el_class=&#8220;aligncenter dt-sc-title script-with-sub-title&#8220;]Unsere neue Wohnanlage Villa Sonnengarten, gelegen im niederbayerischen Ruhstorf an der Rott, bietet Ihnen Betreutes Wohnen ganz so, wie Sie es sich w\u00fcnschen.[\/vc_column_text]<div class=\"ult-spacer spacer-69fc61af7c3d8\" data-id=\"69fc61af7c3d8\" data-height=\"50\" data-height-mobile=\"40\" data-height-tab=\"50\" data-height-tab-portrait=\"50\" data-height-mobile-landscape=\"40\" style=\"clear:both;display:block;\"><\/div><div class=\"ult-spacer spacer-69fc61af7c3fd\" data-id=\"69fc61af7c3fd\" data-height=\"80\" data-height-mobile=\"50\" data-height-tab=\"60\" data-height-tab-portrait=\"60\" data-height-mobile-landscape=\"50\" style=\"clear:both;display:block;\"><\/div>[\/vc_column][\/vc_row][vc_row full_width=&#8220;stretch_row_content_no_spaces&#8220; equal_height=&#8220;yes&#8220; css=&#8220;.vc_custom_1697647752419{background-color: rgba(0,91,56,0.2) !important;*background-color: rgb(0,91,56) !important;}&#8220;][vc_column width=&#8220;1\/6&#8243; css=&#8220;.vc_custom_1697650340353{background-color: rgba(0,91,56,0.2) !important;*background-color: rgb(0,91,56) !important;}&#8220; offset=&#8220;vc_hidden-xs&#8220;][\/vc_column][vc_column width=&#8220;1\/3&#8243; css=&#8220;.vc_custom_1697648225742{background-color: rgba(0,91,56,0.2) !important;*background-color: rgb(0,91,56) !important;}&#8220;]<div class=\"ult-spacer spacer-69fc61af7c418\" data-id=\"69fc61af7c418\" data-height=\"50\" data-height-mobile=\"50\" data-height-tab=\"50\" data-height-tab-portrait=\"\" data-height-mobile-landscape=\"\" style=\"clear:both;display:block;\"><\/div><div class=\"aio-icon-component  vc_custom_1701789417672   style_1\"><div id=\"Info-box-wrap-4784\" class=\"aio-icon-box default-icon\" style=\"\"  ><div class=\"aio-icon-header\" ><h1 class=\"aio-icon-title ult-responsive\"  data-ultimate-target='#Info-box-wrap-4784 .aio-icon-title'  data-responsive-json-new='{\"font-size\":\"\",\"line-height\":\"\"}'  style=\"\">Villa Sonnengarten \u2013 Betreutes Wohnen<\/h1><\/div> <!-- header --><div class=\"aio-icon-description ult-responsive\"  data-ultimate-target='#Info-box-wrap-4784 .aio-icon-description'  data-responsive-json-new='{\"font-size\":\"\",\"line-height\":\"\"}'  style=\"\"><\/p>\n<div class=\"aio-icon-description ult-responsive\" data-ultimate-target=\"#Info-box-wrap-4569 .aio-icon-description\" data-responsive-json-new=\"{&quot;font-size&quot;:&quot;&quot;,&quot;line-height&quot;:&quot;&quot;}\">\n<p>Genie\u00dfen Sie die Vorteile des Ruhestands in vollen Z\u00fcgen und f\u00fchlen Sie sich gleichzeitig gut aufgehoben und bestens umsorgt. Das Betreute Wohnen in unserem neuen Haus \u201eVilla Sonnengarten\u201c macht es m\u00f6glich. Sie wohnen in einer der 20 komfortablen Wohnungen zu je 52 Quadratmetern. Der Wohn- und Essbereich sowie das Schlafzimmer sind gro\u00dfz\u00fcgig geschnitten und bieten Ihnen komfortable und altersgerechte Lebensqualit\u00e4t. Sie entscheiden, ob Sie lieber selbst einkaufen oder wir Sie bekochen d\u00fcrfen. Lassen Sie Ihre Seele baumeln, entweder auf dem eigenen Balkon oder in der neuen Gartenlandschaft, die von den Wohnungen aus erreichbar ist. Entspannen Sie sich und lassen Sie k\u00fcnftig Schneeschippen, M\u00fclltonnenschleppen und die Gartenpflege unsere Sorge sein. Wenn Sie es w\u00fcnschen, k\u00fcmmern wir uns auch um die Reinigung Ihres Appartements, um Ihre W\u00e4sche und bekochen Sie ausgewogen und regional in unserer hauseigenen K\u00fcche. Erledigungen bei Post, Bank, Supermarkt oder Arztpraxis k\u00f6nnen Sie ganz einfach fu\u00dfl\u00e4ufig erledigen. Egal, was Sie brauchen, wir finden immer die optimale L\u00f6sung f\u00fcr Sie. Selbst bei einer kurzfristig eintretenden Pflegebed\u00fcrftigkeit bieten wir Ihnen durch unseren ambulanten Dienst bestm\u00f6gliche Versorgung.<span class=\"Apple-converted-space\">\u00a0<\/span>Wenn Sie noch Fragen haben, beraten wir Sie gerne.<\/p>\n<\/div>\n<p><\/div> <!-- description --><\/div> <!-- aio-icon-box --><\/div> <!-- aio-icon-component -->[\/vc_column][vc_column width=&#8220;1\/2&#8243; css=&#8220;.vc_custom_1697886754179{background-image: url(https:\/\/www.sonnengarten-ruhstorf.de\/wp-content\/uploads\/2023\/10\/NeuesGebaeudeVillaSonnengarten.jpg?id=10388) !important;background-position: center !important;background-repeat: no-repeat !important;background-size: cover !important;}&#8220; offset=&#8220;vc_col-xs-12&#8243;][vc_column_text]\u00a0[\/vc_column_text][\/vc_column][\/vc_row][vc_row][vc_column][vc_empty_space height=&#8220;50px&#8220;]<h2 class=\"color_betreutes_wohnen\">Betreutes Wohnen \u2013 Selbstbestimmt wohnen<\/h2><div class=\"ult-spacer spacer-69fc61af7c52f\" data-id=\"69fc61af7c52f\" data-height=\"10\" data-height-mobile=\"10\" data-height-tab=\"10\" data-height-tab-portrait=\"\" data-height-mobile-landscape=\"\" style=\"clear:both;display:block;\"><\/div>[\/vc_column][\/vc_row][vc_row full_width=&#8220;stretch_row&#8220;][vc_column][vc_row_inner][vc_column_inner width=&#8220;1\/4&#8243;]<div class='dt-sc-icon-box type4 icon_betreutes_wohnen'><div class=\"icon-wrapper\"><span class='fa fa-blind'> <\/span><\/div><div class=\"icon-content\"><h4>Kurze Wege<\/h4><p><span style=\"color: #000000;\">Post, Banken, Superm\u00e4rkte und Arztpraxen sind nah gelegen und fu\u00dfl\u00e4ufig erreichbar.<\/span><\/p><\/div><\/div>[\/vc_column_inner][vc_column_inner width=&#8220;1\/4&#8243;]<div class='dt-sc-icon-box type4 icon_betreutes_wohnen'><div class=\"icon-wrapper\"><span class='fa fa-users'> <\/span><\/div><div class=\"icon-content\"><h4>Gemeinschaftliche Aktivit\u00e4ten<\/h4><p><span style=\"color: #000000;\">Freuen Sie sich auf zahlreiche Kultur- und Freizeitm\u00f6glichkeiten.<\/span><\/p><\/div><\/div>[\/vc_column_inner][vc_column_inner width=&#8220;1\/4&#8243;]<div class='dt-sc-icon-box type4 icon_betreutes_wohnen'><div class=\"icon-wrapper\"><span class='fa fa-glass'> <\/span><\/div><div class=\"icon-content\"><h4>Selbstbestimmt leben<\/h4><p><span style=\"color: #000000;\">Sie entscheiden, ob Sie selbst einkaufen und kochen oder ob wir das \u00fcbernehmen.<\/span><\/p><\/div><\/div>[\/vc_column_inner][vc_column_inner width=&#8220;1\/4&#8243;]<div class='dt-sc-icon-box type4 icon_betreutes_wohnen'><div class=\"icon-wrapper\"><span class='fa fa-paw'> <\/span><\/div><div class=\"icon-content\"><h4>Ein Herz f\u00fcr Tiere<\/h4><p><span style=\"color: #000000;\">Tiere sind bei uns herzlich willkommen.<\/span><\/p><\/div><\/div>[\/vc_column_inner][\/vc_row_inner]<div class=\"ult-spacer spacer-69fc61af7c5c9\" data-id=\"69fc61af7c5c9\" data-height=\"80\" data-height-mobile=\"\" data-height-tab=\"50\" data-height-tab-portrait=\"50\" data-height-mobile-landscape=\"\" style=\"clear:both;display:block;\"><\/div>[vc_separator color=&#8220;custom&#8220; accent_color=&#8220;#005b38&#8243;]<div class=\"ult-spacer spacer-69fc61af7c5df\" data-id=\"69fc61af7c5df\" data-height=\"80\" data-height-mobile=\"\" data-height-tab=\"50\" data-height-tab-portrait=\"50\" data-height-mobile-landscape=\"\" style=\"clear:both;display:block;\"><\/div>[\/vc_column][\/vc_row][vc_row][vc_column]<div class=\"ult-spacer spacer-69fc61af7c5f1\" data-id=\"69fc61af7c5f1\" data-height=\"\" data-height-mobile=\"\" data-height-tab=\"\" data-height-tab-portrait=\"\" data-height-mobile-landscape=\"\" style=\"clear:both;display:block;\"><\/div><div id=\"ultimate-heading-981669fc61af7c610\" class=\"uvc-heading ult-adjust-bottom-margin ultimate-heading-981669fc61af7c610 uvc-6207 \" data-hspacer=\"no_spacer\"  data-halign=\"center\" style=\"text-align:center\"><div class=\"uvc-heading-spacer no_spacer\" style=\"top\"><\/div><div class=\"uvc-main-heading ult-responsive\"  data-ultimate-target='.uvc-heading.ultimate-heading-981669fc61af7c610 h2'  data-responsive-json-new='{\"font-size\":\"\",\"line-height\":\"\"}' ><h2 style=\"font-weight:normal;\">Betreutes Wohnen bietet Menschen im Alter wertvolle Unterst\u00fctzung in ihrem Alltag. Individuelle Bed\u00fcrfnisse werden ber\u00fccksichtig, um die Selbstst\u00e4ndigkeit zu f\u00f6rdern und beizubehalten.<\/h2><\/div><\/div><div class=\"ult-spacer spacer-69fc61af7c654\" data-id=\"69fc61af7c654\" data-height=\"\" data-height-mobile=\"\" data-height-tab=\"\" data-height-tab-portrait=\"\" data-height-mobile-landscape=\"\" style=\"clear:both;display:block;\"><\/div>[\/vc_column][\/vc_row][vc_row el_class=&#8220;no_hover&#8220;][vc_column width=&#8220;1\/4&#8243;]<div class='dt-sc-icon-box type3 '><div class=\"icon-wrapper\"><span class='fa fa-check'> <\/span><\/div><div class=\"icon-content\"><h4>Sicherheit:<\/h4><p>Wir bieten in unserem Betreuten Wohnen durch das Notrufsystem eine sichere Umgebung in der Sie immer auf unsere Unterst\u00fctzung z\u00e4hlen k\u00f6nnen.<\/p><\/div><\/div>[\/vc_column][vc_column width=&#8220;1\/4&#8243;]<div class='dt-sc-icon-box type3 '><div class=\"icon-wrapper\"><span class='fa fa-check'> <\/span><\/div><div class=\"icon-content\"><h4>Gemeinschaft:<\/h4><p>BewohnerInnen haben hier eine gute M\u00f6glichkeit soziale Kontakte zu kn\u00fcpfen und Freundschaften zu schlie\u00dfen.<\/p><\/div><\/div>[\/vc_column][vc_column width=&#8220;1\/4&#8243;]<div class='dt-sc-icon-box type3 '><div class=\"icon-wrapper\"><span class='fa fa-check'> <\/span><\/div><div class=\"icon-content\"><h4>Unterst\u00fctzung bei Alltagsaufgaben:<\/h4><p>Ein ambulanter Pflegedienst steht zur Verf\u00fcgung, um bei t\u00e4glichen Aufgaben wie Anziehen, Baden und Medikamenteneinnahme zu helfen.<\/p><\/div><\/div>[\/vc_column][vc_column width=&#8220;1\/4&#8243;]<div class='dt-sc-icon-box type3 '><div class=\"icon-wrapper\"><span class='fa fa-check'> <\/span><\/div><div class=\"icon-content\"><h4>Mahlzeiten:<\/h4><p>Die Bereitstellung von Mahlzeiten kann eine Erleichterung f\u00fcr SeniorenInnen sein. Sie k\u00f6nnen selbst entscheiden, ob Sie kochen wollen oder von unserer K\u00fcche eine Mahlzeit erhalten m\u00f6chten.<\/p><\/div><\/div>[\/vc_column][\/vc_row][vc_row el_class=&#8220;no_hover&#8220;][vc_column width=&#8220;1\/4&#8243;]<div class='dt-sc-icon-box type3 '><div class=\"icon-wrapper\"><span class='fa fa-check'> <\/span><\/div><div class=\"icon-content\"><h4>Freizeitangebote:<\/h4><p>Unser Betreutes Wohnen bietet Ihnen Aktivit\u00e4ten um die geistige und k\u00f6rperliche Gesundheit zu f\u00f6rdern wie zum Beispiel die Ged\u00e4chtnisgruppe, die Malgruppe, das Bibelgespr\u00e4ch, einen Gymnastikraum.<\/p><\/div><\/div>[\/vc_column][vc_column width=&#8220;1\/4&#8243;]<div class='dt-sc-icon-box type3 '><div class=\"icon-wrapper\"><span class='fa fa-check'> <\/span><\/div><div class=\"icon-content\"><h4>Wohnliche Umgebung:<\/h4><p>Die neuen Appartements sind im September 2023 fertig gestellt worden. In unserer betreuten Wohneinrichtung sind die Wohnungen barrierefrei und altersgerecht gestaltet.<\/p><\/div><\/div>[\/vc_column][vc_column width=&#8220;1\/4&#8243;]<div class='dt-sc-icon-box type3 '><div class=\"icon-wrapper\"><span class='fa fa-check'> <\/span><\/div><div class=\"icon-content\"><h4>Cafeteria:<\/h4><p>Sie k\u00f6nnen unsere sch\u00f6ne und freundlich gestaltete Cafeteria f\u00fcr gemeinsame Treffen bei Kaffe und Kuchen und einem illustren Austausch genie\u00dfen.<\/p><\/div><\/div>[\/vc_column][vc_column width=&#8220;1\/4&#8243;]<div class='dt-sc-icon-box type3 '><div class=\"icon-wrapper\"><span class='fa fa-check'> <\/span><\/div><div class=\"icon-content\"><h4>Unabh\u00e4ngigkeit<\/h4><p>Bewohner behalten ihre Unabh\u00e4ngigkeit und Privatsph\u00e4re, k\u00f6nnen jedoch in ganz vielen Bereichen auf Unterst\u00fctzung zugreifen, wenn sie diese ben\u00f6tigen.<\/p><\/div><\/div>[\/vc_column][\/vc_row][vc_row el_class=&#8220;no_hover&#8220;][vc_column width=&#8220;1\/4&#8243;]<div class='dt-sc-icon-box type3 '><div class=\"icon-wrapper\"><span class='fa fa-check'> <\/span><\/div><div class=\"icon-content\"><h4>Entlastung f\u00fcr Angeh\u00f6rige:<\/h4><p>Betreutes Wohnen entlastet Verwandte und Angeh\u00f6rige bei der Versorgung eines \u00e4lteren und bed\u00fcrftigen Familienmitgliedes.<\/p><\/div><\/div>[\/vc_column][vc_column width=&#8220;1\/4&#8243;]<div class='dt-sc-icon-box type3 '><div class=\"icon-wrapper\"><span class='fa fa-check'> <\/span><\/div><div class=\"icon-content\"><h4>Notfallversorgung:<\/h4><p>Schnelle Reaktion auf medizinische Notf\u00e4lle durch unser geschultes Team.<\/p><\/div><\/div>[\/vc_column][vc_column width=&#8220;1\/4&#8243;]<div class='dt-sc-icon-box type3 '><div class=\"icon-wrapper\"><span class='fa fa-check'> <\/span><\/div><div class=\"icon-content\"><h4>Bibliothek:<\/h4><p>Bei uns k\u00f6nnen Sie die in der Bibliothek nach Herzenslust in dem breiten Spektrum der B\u00fccherauswahl st\u00f6bern und lesen.<\/p><\/div><\/div>[\/vc_column][vc_column width=&#8220;1\/4&#8243;]<div class='dt-sc-icon-box type3 '><div class=\"icon-wrapper\"><span class='fa fa-check'> <\/span><\/div><div class=\"icon-content\"><h4>Anpassungsf\u00e4higkeit:<\/h4><p>Betreutes Wohnen passt sich den individuellen und sich wechselnden Bed\u00fcrfnissen der Bewohner an, von unabh\u00e4ngigem Wohnen bis zu intensiver Pflege \u2013 wir sind immer in Kontakt mit Ihnen.<\/p><\/div><\/div>[\/vc_column][\/vc_row][vc_row el_class=&#8220;no_hover&#8220;][vc_column width=&#8220;1\/4&#8243;]<div class='dt-sc-icon-box type3 no_hover'><div class=\"icon-wrapper\"><span class='fa fa-check'> <\/span><\/div><div class=\"icon-content\"><h4>F\u00f6rderung von Gesundheit und Wohlbefinden:<\/h4><p>Regelm\u00e4\u00dfige Bewegung und gesunde Ern\u00e4hrung f\u00f6rdert Ihre k\u00f6rperliche und seelische Gesundheit.<\/p><\/div><\/div>[\/vc_column][vc_column width=&#8220;1\/4&#8243;]<div class='dt-sc-icon-box type3 '><div class=\"icon-wrapper\"><span class='fa fa-check'> <\/span><\/div><div class=\"icon-content\"><h4>Zusammen ist man weniger allein:<\/h4><p>Die M\u00f6glichkeit in einer Gemeinschaft zu leben und zusammen etwas zu unternehmen reduziert das Gef\u00fchl der Einsamkeit.<\/p><\/div><\/div>[\/vc_column][vc_column width=&#8220;1\/4&#8243;]<div class='dt-sc-icon-box type3 '><div class=\"icon-wrapper\"><span class='fa fa-check'> <\/span><\/div><div class=\"icon-content\"><h4>Beratung und Unterst\u00fctzung:<\/h4><p>Unsere Beratungsdienste f\u00fcr soziale, finanzielle und rechtliche Fragen stehen Ihnen jederzeit zur Verf\u00fcgung.<\/p><\/div><\/div>[\/vc_column][vc_column width=&#8220;1\/4&#8243;]<div class='dt-sc-icon-box type3 '><div class=\"icon-wrapper\"><span class='fa fa-check'> <\/span><\/div><div class=\"icon-content\"><h4>Kein Hausputz:<\/h4><p>Hauswirtschaftliche Dienste k\u00f6nnen wir \u00fcbernehmen wie zum Beispiel die Reinigung<\/p><\/div><\/div>[\/vc_column][\/vc_row][vc_row el_class=&#8220;no_hover&#8220;][vc_column width=&#8220;1\/4&#8243;]<div class='dt-sc-icon-box type3 '><div class=\"icon-wrapper\"><span class='fa fa-check'> <\/span><\/div><div class=\"icon-content\"><h4>Kulturelle Aktivit\u00e4ten:<\/h4><p>In Ruhstorf an der Rott und im nahegelegenen B\u00e4derdreieck mit Bad F\u00fcssing, Bad Griesbach und Bad Birnbach gibt es viele kulturelle und sportliche Freizeitangebote.<\/p><\/div><\/div>[\/vc_column][vc_column width=&#8220;1\/4&#8243;]<div class='dt-sc-icon-box type3 '><div class=\"icon-wrapper\"><span class='fa fa-check'> <\/span><\/div><div class=\"icon-content\"><h4>Einfacher Umzug:<\/h4><p>Betreutes Wohnen erm\u00f6glicht einen reibungslosen \u00dcbergang von einem selbstst\u00e4ndigen Haushalt in eine unterst\u00fctzende und altersgerechte Umgebung.<\/p><\/div><\/div>[\/vc_column][\/vc_row][vc_row css=&#8220;.vc_custom_1698400016475{margin-top: 100px !important;margin-bottom: 100px !important;}&#8220;][vc_column el_align=&#8220;center&#8220; width=&#8220;1\/3&#8243;][vc_single_image image=&#8220;10528&#8243; img_size=&#8220;full&#8220; alignment=&#8220;center&#8220; onclick=&#8220;link_image&#8220;][\/vc_column][vc_column width=&#8220;1\/3&#8243;][vc_single_image image=&#8220;10530&#8243; img_size=&#8220;full&#8220; alignment=&#8220;center&#8220; onclick=&#8220;link_image&#8220;][\/vc_column][vc_column width=&#8220;1\/3&#8243;][vc_single_image image=&#8220;10529&#8243; img_size=&#8220;full&#8220; alignment=&#8220;center&#8220; onclick=&#8220;link_image&#8220;][\/vc_column][\/vc_row][vc_row bg_type=&#8220;bg_color&#8220; bg_override=&#8220;ex-full&#8220; bg_color_value=&#8220;rgba(0,91,56,0.25)&#8220;][vc_column]<div class=\"ult-spacer spacer-69fc61af7c86a\" data-id=\"69fc61af7c86a\" data-height=\"80\" data-height-mobile=\"\" data-height-tab=\"50\" data-height-tab-portrait=\"50\" data-height-mobile-landscape=\"\" style=\"clear:both;display:block;\"><\/div><div id=\"ultimate-heading-680469fc61af7c884\" class=\"uvc-heading ult-adjust-bottom-margin ultimate-heading-680469fc61af7c884 uvc-7204 \" data-hspacer=\"no_spacer\"  data-halign=\"center\" style=\"text-align:center\"><div class=\"uvc-heading-spacer no_spacer\" style=\"top\"><\/div><div class=\"uvc-main-heading ult-responsive\"  data-ultimate-target='.uvc-heading.ultimate-heading-680469fc61af7c884 h2'  data-responsive-json-new='{\"font-size\":\"\",\"line-height\":\"\"}' ><h2 style=\"font-weight:normal;\">Betreutes Wohnen bietet Menschen im Alter eine wertvolle St\u00fctze, da diese mit ihren besonderen Bed\u00fcrfnissen mehr Aufmerksamkeit und Versorgung brauchen, um ein altersgerechtes Leben zu f\u00fchren. Unsere Leistungen k\u00f6nnen ganz individuell an die BewohnerInnen angepasst werden, damit sie sich in jeder Hinsicht wohl und bestens versorgt f\u00fchlen.<\/h2><\/div><\/div><div class=\"ult-spacer spacer-69fc61af7c8b3\" data-id=\"69fc61af7c8b3\" data-height=\"80\" data-height-mobile=\"\" data-height-tab=\"50\" data-height-tab-portrait=\"50\" data-height-mobile-landscape=\"\" style=\"clear:both;display:block;\"><\/div>[\/vc_column][\/vc_row]<\/p>\n<\/div>","protected":false},"excerpt":{"rendered":"<p>[vc_row full_width=&#8220;stretch_row&#8220;][vc_column][vc_column_text] Neuer\u00f6ffnung der Villa Sonnengarten mit betreutem Wohnen [\/vc_column_text][vc_column_text] Selbstbestimmt und gut betreut in den besten Jahren [\/vc_column_text][vc_column_text el_class=&#8220;aligncenter dt-sc-title script-with-sub-title&#8220;]Unsere neue Wohnanlage Villa Sonnengarten, gelegen im niederbayerischen Ruhstorf an der Rott, bietet Ihnen Betreutes Wohnen ganz so, wie Sie es sich w\u00fcnschen.[\/vc_column_text][\/vc_column][\/vc_row][vc_row full_width=&#8220;stretch_row_content_no_spaces&#8220; equal_height=&#8220;yes&#8220; css=&#8220;.vc_custom_1697647752419{background-color: rgba(0,91,56,0.2) !important;*background-color: rgb(0,91,56) !important;}&#8220;][vc_column width=&#8220;1\/6&#8243; css=&#8220;.vc_custom_1697650340353{background-color: rgba(0,91,56,0.2) !important;*background-color: [&hellip;]<\/p>\n","protected":false},"author":1,"featured_media":0,"parent":0,"menu_order":0,"comment_status":"closed","ping_status":"closed","template":"","meta":{"footnotes":""},"class_list":["post-10079","page","type-page","status-publish","hentry"],"_links":{"self":[{"href":"https:\/\/www.sonnengarten-ruhstorf.de\/index.php\/wp-json\/wp\/v2\/pages\/10079","targetHints":{"allow":["GET"]}}],"collection":[{"href":"https:\/\/www.sonnengarten-ruhstorf.de\/index.php\/wp-json\/wp\/v2\/pages"}],"about":[{"href":"https:\/\/www.sonnengarten-ruhstorf.de\/index.php\/wp-json\/wp\/v2\/types\/page"}],"author":[{"embeddable":true,"href":"https:\/\/www.sonnengarten-ruhstorf.de\/index.php\/wp-json\/wp\/v2\/users\/1"}],"replies":[{"embeddable":true,"href":"https:\/\/www.sonnengarten-ruhstorf.de\/index.php\/wp-json\/wp\/v2\/comments?post=10079"}],"version-history":[{"count":139,"href":"https:\/\/www.sonnengarten-ruhstorf.de\/index.php\/wp-json\/wp\/v2\/pages\/10079\/revisions"}],"predecessor-version":[{"id":10583,"href":"https:\/\/www.sonnengarten-ruhstorf.de\/index.php\/wp-json\/wp\/v2\/pages\/10079\/revisions\/10583"}],"wp:attachment":[{"href":"https:\/\/www.sonnengarten-ruhstorf.de\/index.php\/wp-json\/wp\/v2\/media?parent=10079"}],"curies":[{"name":"wp","href":"https:\/\/api.w.org\/{rel}","templated":true}]}}